{"id":121,"date":"2021-06-15T01:00:14","date_gmt":"2021-06-15T06:00:14","guid":{"rendered":"https:\/\/jbcontadoresyabogados.com\/blog-2\/"},"modified":"2025-01-13T23:15:01","modified_gmt":"2025-01-14T05:15:01","slug":"nosotros","status":"publish","type":"page","link":"https:\/\/jbcontadoresyabogados.com\/?page_id=121","title":{"rendered":"Nosotros J&#038;B Contadores y Abogados"},"content":{"rendered":"<p>\n\n<div  id=\"section-69d65d9713324\" class=\"tag-551c46f2a94408c503a35a16f4a4291c shortcode shortcode-section etdukandari_etcodes_section          \"  >\n\t\n\t\t\t<div class=\"container\">\n\t\t<div class=\"row \">\n\t\t\t<div class=\"tag-21229db90d3672e5131f3f5b5fbd4e36 shortcode shortcode-column col-md-12            \">\n     \n            \n                        \n                \n<div  data-aos= slide-right    data-aos-once= 1  >\n\t<div class=\"shortcode shortcode-headings  tag-8e3ef6ec64a10fd14e344fcdd541ccdb          align-left\">\n\t\n\t\n\t\t\t<h2 class=\"tag-e01a205c518ff5229f3e4d933df9b041 no\">Acerca de J&amp;B Contadores y Abogados<\/h2>\n\t\n\t\t\t<div class=\"separator tag-ce356dd32dc3f9951e00560813296802\"><\/div>\n\t\n\t<\/div> \n<\/div>\n\n        \n    \n<\/div>\n\n\n\n\t\t<\/div>\n\t<\/div>\n\t\n<\/div>\n\n\n\n<div  id=\"section-69d65d9713de0\" class=\"tag-4c95fcd7fa90fb770de29761b4b4b9ff shortcode shortcode-section etdukandari_etcodes_section          \"  >\n\t\n\t\t\t<div class=\"container\">\n\t\t<div class=\"row \">\n\t\t\t<div class=\"tag-67d5a4ecbc360f1e3438c59e38a0f093 shortcode shortcode-column col-md-6            \">\n     \n            \n                        \n                <img loading=\"lazy\" decoding=\"async\" src=\"https:\/\/jbcontadoresyabogados.com\/wp-content\/uploads\/2025\/01\/img-nosotros1jpg-620x400.jpg\" alt=\"https:\/\/jbcontadoresyabogados.com\/wp-content\/uploads\/2025\/01\/img-nosotros1jpg-620x400.jpg\" width=\"620\" height=\"400\" \/>\n        \n    \n<\/div>\n\n<div class=\"tag-7380a93c31f69c450eaad4e36581c719 shortcode shortcode-column col-md-6            \">\n     \n            \n                        \n                \n\t<div class=\"shortcode shortcode-text-block tag-1dfc2cf5f4cbe425914691141d3520a2           \">\n\t\t\n\t\t<p><span style=\"color: #000000;\"><strong>Qui\u00e9nes Somos<\/strong><\/span><\/p><p><span style=\"color: #000000;\">En J&amp;B Contadores y Abogados, S.A. de C.V., somos un grupo de especialistas en impuestos, contabilidad, auditor\u00eda y derecho que decidimos unir esfuerzos para facilitar a nuestros clientes el cumplimiento de sus funciones y obligaciones fiscales, legales y administrativas. Nuestro enfoque se basa en implementar estrategias que minimicen riesgos y optimicen recursos financieros.<\/span><br \/><span style=\"color: #000000;\">Con m\u00e1s de 27 a\u00f1os de experiencia como profesionistas y ahora consolidados como una empresa l\u00edder, somos reconocidos por nuestra responsabilidad social, compromiso con la excelencia y un enfoque personalizado que atiende las necesidades de peque\u00f1as, medianas y grandes empresas, as\u00ed como instituciones del sector p\u00fablico.<\/span><\/p>\n\t<\/div>\n\n        \n    \n<\/div>\n\n\n\n<div class=\"tag-dd719d49fb5f9e216d8cac0f8020252b shortcode shortcode-column col-md-12            \">\n     \n            \n                        \n                \n\t<div class=\"shortcode shortcode-text-block tag-30fe48e6b12fcceb0b855cf56fb0a534           \">\n\t\t\n\t\t<p><span style=\"color: #000000;\"><strong>Nuestra Historia<\/strong><\/span><\/p><p><span style=\"color: #000000;\">Desde hace 27 a\u00f1os, comenzamos como un grupo de profesionistas dedicados a ofrecer servicios contables, fiscales y legales bajo el r\u00e9gimen de personas f\u00edsicas. Con el tiempo, nuestra experiencia, compromiso y visi\u00f3n de futuro nos llevaron a consolidarnos como una empresa formal: J&amp;B Business M\u00e9xico, S.A. de C.V.<\/span><br \/><span style=\"color: #000000;\">A lo largo de nuestra trayectoria, hemos trabajado con cientos de clientes, ayud\u00e1ndolos a cumplir con sus obligaciones legales y fiscales, optimizar sus recursos y alcanzar sus metas. Hoy, nuestra firma se distingue por su liderazgo, innovaci\u00f3n y un enfoque humano que sigue marcando la diferencia en cada uno de nuestros servicios.<\/span><br \/><span style=\"color: #000000;\">En J&amp;B Contadores y Abogados, entendemos que cada cliente es \u00fanico, y por ello, trabajamos incansablemente para ofrecer soluciones personalizadas que se adapten a sus necesidades. Nos esforzamos por ser el socio estrat\u00e9gico que potencia su \u00e9xito, respaldado por m\u00e1s de dos d\u00e9cadas de experiencia y una visi\u00f3n orientada al futuro.<\/span><\/p>\n\t<\/div>\n\t<div class=\"shortcode shortcode-accordions             tag-322a5c13345525f041d7c2ef7d17f668\">\n\t\t\n\t\t<div id=\"accordion-etcodes-accordion-69d65d97189e0\" class=\"accordion\" role=\"tablist\" aria-multiselectable=\"true\">\t\t\t\t\n\t\t\t\n\t\t\t\t<div class=\"card\">\n\t\t\t\t\t<div class=\"card-header\" role=\"tab\" id=\"label-etcodes-accordion-69d65d97189e0\">\n\t\t\t\t\t\t<h5 class=\"mb-0\">\n\t\t\t\t\t\t\t<a class=\"collapsed\" data-toggle=\"collapse\" data-parent=\"#accordion-etcodes-accordion-69d65d97189e0\" href=\"#etcodes-accordion-69d65d97189e0-1\" aria-expanded=\"true\" aria-controls=\"etcodes-accordion-69d65d97189e0-1\">\n\t\t\t\t\t\t\t\tNuestra Misi\u00f3n\t\t\t\t\t\t\t<\/a>\n\t\t\t\t\t\t<\/h5>\n\t\t\t\t\t<\/div>\n\t\t\t\t\t<div id=\"etcodes-accordion-69d65d97189e0-1\" class=\"collapse\" role=\"tabpanel\" aria-labelledby=\"label-etcodes-accordion-69d65d97189e0\">\n\t\t\t\t\t\t<div class=\"card-block\">\n\t\t\t\t\t\t\t\t\t\t\t\t\t\t\t<p><span style=\"color: #000000\">Proporcionar servicios contables, fiscales y jur\u00eddicos que permitan a nuestros clientes alcanzar sus objetivos, garantizando su seguridad financiera y confianza en nuestras soluciones. Nuestra labor se centra en dominar tareas administrativas, contables y legales para que nuestros clientes puedan enfocarse en su crecimiento y \u00e9xito.<\/p>\t\t\t\t\t\t\t\t\t\t\t\t\t<\/div>\n\t\t\t\t\t<\/div>\n\t\t\t\t<\/div>\n\n\t\t\t\n\t\t\t\t<div class=\"card\">\n\t\t\t\t\t<div class=\"card-header\" role=\"tab\" id=\"label-etcodes-accordion-69d65d97189e0\">\n\t\t\t\t\t\t<h5 class=\"mb-0\">\n\t\t\t\t\t\t\t<a class=\"collapsed\" data-toggle=\"collapse\" data-parent=\"#accordion-etcodes-accordion-69d65d97189e0\" href=\"#etcodes-accordion-69d65d97189e0-2\" aria-expanded=\"true\" aria-controls=\"etcodes-accordion-69d65d97189e0-2\">\n\t\t\t\t\t\t\t\tNuestra Visi\u00f3n\t\t\t\t\t\t\t<\/a>\n\t\t\t\t\t\t<\/h5>\n\t\t\t\t\t<\/div>\n\t\t\t\t\t<div id=\"etcodes-accordion-69d65d97189e0-2\" class=\"collapse\" role=\"tabpanel\" aria-labelledby=\"label-etcodes-accordion-69d65d97189e0\">\n\t\t\t\t\t\t<div class=\"card-block\">\n\t\t\t\t\t\t\t\t\t\t\t\t\t\t\t<p><span style=\"color: #000000\">Consolidarnos como la firma n\u00famero uno en servicios contables, fiscales y jur\u00eddicos, reconocida por la excelencia, innovaci\u00f3n y calidad en cada uno de nuestros servicios, convirti\u00e9ndonos en aliados estrat\u00e9gicos indispensables para nuestros clientes.<\/p>\t\t\t\t\t\t\t\t\t\t\t\t\t<\/div>\n\t\t\t\t\t<\/div>\n\t\t\t\t<\/div>\n\n\t\t\t\n\t\t\t\t<div class=\"card\">\n\t\t\t\t\t<div class=\"card-header\" role=\"tab\" id=\"label-etcodes-accordion-69d65d97189e0\">\n\t\t\t\t\t\t<h5 class=\"mb-0\">\n\t\t\t\t\t\t\t<a class=\"collapsed\" data-toggle=\"collapse\" data-parent=\"#accordion-etcodes-accordion-69d65d97189e0\" href=\"#etcodes-accordion-69d65d97189e0-3\" aria-expanded=\"true\" aria-controls=\"etcodes-accordion-69d65d97189e0-3\">\n\t\t\t\t\t\t\t\tNuestros Valores\t\t\t\t\t\t\t<\/a>\n\t\t\t\t\t\t<\/h5>\n\t\t\t\t\t<\/div>\n\t\t\t\t\t<div id=\"etcodes-accordion-69d65d97189e0-3\" class=\"collapse\" role=\"tabpanel\" aria-labelledby=\"label-etcodes-accordion-69d65d97189e0\">\n\t\t\t\t\t\t<div class=\"card-block\">\n\t\t\t\t\t\t\t\t\t\t\t\t\t\t\t<p><span style=\"color: #000000\">1. Compromiso: Nos dedicamos a ofrecer servicios de calidad con responsabilidad y \u00e9tica profesional.<br \/>2. Innovaci\u00f3n: Incorporamos tecnolog\u00edas avanzadas y estrategias innovadoras para optimizar los resultados.<br \/>3. Confianza: Construimos relaciones duraderas basadas en la transparencia y el respeto.<br \/>4. Excelencia: Nos esforzamos por superar las expectativas de nuestros clientes.<br \/>5. Responsabilidad social: Contribuimos al desarrollo sostenible y al bienestar de nuestra comunidad.<\/p>\t\t\t\t\t\t\t\t\t\t\t\t\t<\/div>\n\t\t\t\t\t<\/div>\n\t\t\t\t<\/div>\n\n\t\t\t\n\t\t\t\t<div class=\"card\">\n\t\t\t\t\t<div class=\"card-header\" role=\"tab\" id=\"label-etcodes-accordion-69d65d97189e0\">\n\t\t\t\t\t\t<h5 class=\"mb-0\">\n\t\t\t\t\t\t\t<a class=\"collapsed\" data-toggle=\"collapse\" data-parent=\"#accordion-etcodes-accordion-69d65d97189e0\" href=\"#etcodes-accordion-69d65d97189e0-4\" aria-expanded=\"true\" aria-controls=\"etcodes-accordion-69d65d97189e0-4\">\n\t\t\t\t\t\t\t\tPropuesta de Valor\t\t\t\t\t\t\t<\/a>\n\t\t\t\t\t\t<\/h5>\n\t\t\t\t\t<\/div>\n\t\t\t\t\t<div id=\"etcodes-accordion-69d65d97189e0-4\" class=\"collapse\" role=\"tabpanel\" aria-labelledby=\"label-etcodes-accordion-69d65d97189e0\">\n\t\t\t\t\t\t<div class=\"card-block\">\n\t\t\t\t\t\t\t\t\t\t\t\t\t\t\t<p><span style=\"color: #000000\">En J&amp;B Contadores y Abogados, ofrecemos un servicio integral, innovador y altamente especializado, dise\u00f1ado para resolver las necesidades contables, fiscales y legales de nuestros clientes. Nuestro enfoque en la tecnolog\u00eda, el conocimiento actualizado y la personalizaci\u00f3n de soluciones asegura resultados confiables y de alto impacto.<\/p>\t\t\t\t\t\t\t\t\t\t\t\t\t<\/div>\n\t\t\t\t\t<\/div>\n\t\t\t\t<\/div>\n\n\t\t\t\n\t\t\t\t<div class=\"card\">\n\t\t\t\t\t<div class=\"card-header\" role=\"tab\" id=\"label-etcodes-accordion-69d65d97189e0\">\n\t\t\t\t\t\t<h5 class=\"mb-0\">\n\t\t\t\t\t\t\t<a class=\"collapsed\" data-toggle=\"collapse\" data-parent=\"#accordion-etcodes-accordion-69d65d97189e0\" href=\"#etcodes-accordion-69d65d97189e0-5\" aria-expanded=\"true\" aria-controls=\"etcodes-accordion-69d65d97189e0-5\">\n\t\t\t\t\t\t\t\tCompromiso Social\t\t\t\t\t\t\t<\/a>\n\t\t\t\t\t\t<\/h5>\n\t\t\t\t\t<\/div>\n\t\t\t\t\t<div id=\"etcodes-accordion-69d65d97189e0-5\" class=\"collapse\" role=\"tabpanel\" aria-labelledby=\"label-etcodes-accordion-69d65d97189e0\">\n\t\t\t\t\t\t<div class=\"card-block\">\n\t\t\t\t\t\t\t\t\t\t\t\t\t\t\t<p><span style=\"color: #000000\">Como empresa socialmente responsable, nos comprometemos a:<br \/>\u2022 Apoyar el desarrollo de emprendedores, empresas y comunidades locales.<br \/>\u2022 Implementar pr\u00e1cticas sostenibles en nuestras operaciones.<br \/>\u2022 Brindar asesor\u00eda inclusiva y accesible para diversos sectores de la sociedad.<\/p>\t\t\t\t\t\t\t\t\t\t\t\t\t<\/div>\n\t\t\t\t\t<\/div>\n\t\t\t\t<\/div>\n\n\t\t\t\n\t\t\t\t<div class=\"card\">\n\t\t\t\t\t<div class=\"card-header\" role=\"tab\" id=\"label-etcodes-accordion-69d65d97189e0\">\n\t\t\t\t\t\t<h5 class=\"mb-0\">\n\t\t\t\t\t\t\t<a class=\"collapsed\" data-toggle=\"collapse\" data-parent=\"#accordion-etcodes-accordion-69d65d97189e0\" href=\"#etcodes-accordion-69d65d97189e0-6\" aria-expanded=\"true\" aria-controls=\"etcodes-accordion-69d65d97189e0-6\">\n\t\t\t\t\t\t\t\tObjetivos Estrat\u00e9gicos\t\t\t\t\t\t\t<\/a>\n\t\t\t\t\t\t<\/h5>\n\t\t\t\t\t<\/div>\n\t\t\t\t\t<div id=\"etcodes-accordion-69d65d97189e0-6\" class=\"collapse\" role=\"tabpanel\" aria-labelledby=\"label-etcodes-accordion-69d65d97189e0\">\n\t\t\t\t\t\t<div class=\"card-block\">\n\t\t\t\t\t\t\t\t\t\t\t\t\t\t\t<p><span style=\"color: #000000\">1. Fortalecer nuestra presencia en el mercado nacional mediante la implementaci\u00f3n de herramientas digitales y estrategias innovadoras.<br \/>2. Mantenernos actualizados en normativas fiscales y legales para garantizar un servicio de calidad.<br \/>3. Expandir nuestra cartera de servicios para abarcar nuevas \u00e1reas de consultor\u00eda financiera y legal.<br \/>4. Fomentar alianzas estrat\u00e9gicas con instituciones p\u00fablicas y privadas que promuevan el crecimiento de nuestros clientes.<br \/>5. Asegurar la satisfacci\u00f3n del cliente a trav\u00e9s de un enfoque personalizado y de excelencia.<\/p>\t\t\t\t\t\t\t\t\t\t\t\t\t<\/div>\n\t\t\t\t\t<\/div>\n\t\t\t\t<\/div>\n\n\t\t\t\t\t<\/div>\n\n\t<\/div>\n\n\n        \n    \n<\/div>\n\n\n\n\t\t<\/div>\n\t<\/div>\n\t\n<\/div>\n\n\n\n<div  id=\"section-69d65d9718e8c\" class=\"tag-5675c8435bbb1d9f50a10e6521a7e723 shortcode shortcode-section etdukandari_etcodes_section          \"  >\n\t\n\t\t\t<div class=\"container\">\n\t\t<div class=\"row \">\n\t\t\t<div class=\"tag-5fc28ceba05d758c795aa4f8215c1c2c shortcode shortcode-column col-md-12            \">\n     \n            \n                        \n                \t<div class=\"fw-divider-line\"><hr\/><\/div>\n\n\n        \n    \n<\/div>\n\n\n\n\t\t<\/div>\n\t<\/div>\n\t\n<\/div>\n\n<\/p>\n","protected":false},"excerpt":{"rendered":"<p>Acerca de J&amp;B Contadores y Abogados Qui\u00e9nes SomosEn J&amp;B Contadores y Abogados, S.A. de C.V., somos un grupo de especialistas en impuestos, contabilidad, auditor\u00eda y derecho que decidimos unir esfuerzos para facilitar a nuestros clientes el cumplimiento de sus funciones y obligaciones fiscales, legales y administrativas. Nuestro enfoque se basa en implementar estrategias que minimicen [&hellip;]<\/p>\n","protected":false},"author":1,"featured_media":0,"parent":0,"menu_order":0,"comment_status":"closed","ping_status":"closed","template":"visual-builder-template.php","meta":{"footnotes":""},"class_list":["post-121","page","type-page","status-publish","hentry"],"_links":{"self":[{"href":"https:\/\/jbcontadoresyabogados.com\/index.php?rest_route=\/wp\/v2\/pages\/121","targetHints":{"allow":["GET"]}}],"collection":[{"href":"https:\/\/jbcontadoresyabogados.com\/index.php?rest_route=\/wp\/v2\/pages"}],"about":[{"href":"https:\/\/jbcontadoresyabogados.com\/index.php?rest_route=\/wp\/v2\/types\/page"}],"author":[{"embeddable":true,"href":"https:\/\/jbcontadoresyabogados.com\/index.php?rest_route=\/wp\/v2\/users\/1"}],"replies":[{"embeddable":true,"href":"https:\/\/jbcontadoresyabogados.com\/index.php?rest_route=%2Fwp%2Fv2%2Fcomments&post=121"}],"version-history":[{"count":26,"href":"https:\/\/jbcontadoresyabogados.com\/index.php?rest_route=\/wp\/v2\/pages\/121\/revisions"}],"predecessor-version":[{"id":617,"href":"https:\/\/jbcontadoresyabogados.com\/index.php?rest_route=\/wp\/v2\/pages\/121\/revisions\/617"}],"wp:attachment":[{"href":"https:\/\/jbcontadoresyabogados.com\/index.php?rest_route=%2Fwp%2Fv2%2Fmedia&parent=121"}],"curies":[{"name":"wp","href":"https:\/\/api.w.org\/{rel}","templated":true}]}}