{"id":143,"date":"2021-06-15T01:00:14","date_gmt":"2021-06-15T06:00:14","guid":{"rendered":"https:\/\/jbcontadoresyabogados.com\/blog-2\/"},"modified":"2025-01-13T23:17:41","modified_gmt":"2025-01-14T05:17:41","slug":"directorio","status":"publish","type":"page","link":"https:\/\/jbcontadoresyabogados.com\/?page_id=143","title":{"rendered":"Directorio"},"content":{"rendered":"<p>\n\n<div  id=\"section-69f31d07ad1e4\" class=\"tag-a03e5c88e1d59c6326c9e20d376fa6e7 shortcode shortcode-section etdukandari_etcodes_section          \"  >\n\t\n\t\t\t<div class=\"container\">\n\t\t<div class=\"row \">\n\t\t\t<div class=\"tag-c6193bb814f2bedc67e2a114f6f665a3 shortcode shortcode-column col-md-12            \">\n     \n            \n                        \n                \n\t<div class=\"shortcode shortcode-headings  tag-80521357103208290b17552a0ef4825d          align-left\">\n\t\n\t\n\t\t\t<h2 class=\"tag-7a823249377c4e6bb3765ca06892eca5 no\">Directorio de J&amp;B CyA<\/h2>\n\t\n\t\t\t<div class=\"separator tag-781a0a6409c60b5743045490728119ae\"><\/div>\n\t\n\t<\/div> \n\n        \n    \n<\/div>\n\n\n\n\t\t<\/div>\n\t<\/div>\n\t\n<\/div>\n\n\n\n<div  id=\"section-69f31d07adadf\" class=\"tag-eea6325f65ef8b01f698a612bdac6ad0 shortcode shortcode-section etdukandari_etcodes_section          \"  >\n\t\n\t\t\t<div class=\"container\">\n\t\t<div class=\"row \">\n\t\t\t<div class=\"tag-19723029e862c1d2266cdd539466699b shortcode shortcode-column col-md-12            \">\n     \n            \n                        \n                \n\t<div class=\"shortcode shortcode-text-block tag-41d26cee46c552ac19516f826a52d019           \">\n\t\t\n\t\t<p style=\"text-align: left;\"><span style=\"color: #000000;\">Presentamos a nuestro equipo de trabajo, en J&amp;B Contadores y Abogados trabajamos con pasi\u00f3n y profesionalismo para ofrecer un servicio eficaz.<\/span><\/p>\n\t<\/div>\n\n        \n    \n<\/div>\n\n\n\n<div class=\"tag-3fef2de45bc4953682d59ce42dffd80e shortcode shortcode-column col-md-3            \">\n     \n            \n                        \n                \n\t<div class=\"shortcode shortcode-headings           tag-0f8a7c1dd2ba5d2c7659b897b0170c07\">\n\t\t\n\t\t\t\t<div class=\"simple-team-member align-center tag-656c30296420b46028fc403bd22d7358\">\n\t\t\t\t\t\t<div class=\"member-image\">\n\t\t\t\t<img loading=\"lazy\" decoding=\"async\" class=\"rounded-circle\" src=\"\/\/jbcontadoresyabogados.com\/wp-content\/uploads\/2025\/01\/172626_user_male_icon-550x550.png\" alt=\"\" width=\"550\"\n\t\t\t\t    height=\"550\">\n\t\t\t<\/div>\n\t\t\t\t\t\t<div class=\"member-info-holder\">\n\t\t\t\t<div class=\"member-info\">\n\t\t\t\t\t\t\t\t\t\t<h5 class=\"member-name\">\n\t\t\t\t\t\tMtro. Iv\u00e1n Delgado Peralta\t\t\t\t\t<\/h5>\n\t\t\t\t\t\t\t\t\t\t\t\t\t\t\t<div class=\"member-role\">\n\t\t\t\t\t\tDIRECTOR GENERAL\t\t\t\t\t<\/div>\n\t\t\t\t\t\t\t\t\t\t\n\t\t\t\t\t\n\t\t\t\t<\/div>\n\t\t\t<\/div>\n\t\t<\/div>\n\t\t\n\t<\/div>\n\t\n        \n    \n<\/div>\n\n<div class=\"tag-8ed4c27a9e4434d593ff5477e5a11b9c shortcode shortcode-column col-md-3            \">\n     \n            \n                        \n                \n\t<div class=\"shortcode shortcode-headings           tag-345e06133d6c7018faea629372903f41\">\n\t\t\n\t\t\t\t<div class=\"simple-team-member align-center tag-56fb76dc4d6e4852d088411c0807332a\">\n\t\t\t\t\t\t<div class=\"member-image\">\n\t\t\t\t<img loading=\"lazy\" decoding=\"async\" class=\"rounded-circle\" src=\"\/\/jbcontadoresyabogados.com\/wp-content\/uploads\/2025\/01\/172622_user_female_icon-550x550.png\" alt=\"\" width=\"550\"\n\t\t\t\t    height=\"550\">\n\t\t\t<\/div>\n\t\t\t\t\t\t<div class=\"member-info-holder\">\n\t\t\t\t<div class=\"member-info\">\n\t\t\t\t\t\t\t\t\t\t<h5 class=\"member-name\">\n\t\t\t\t\t\tL.C. Taiz Monserrat Bautista Gonz\u00e1lez \t\t\t\t\t<\/h5>\n\t\t\t\t\t\t\t\t\t\t\t\t\t\t\t<div class=\"member-role\">\n\t\t\t\t\t\tColaboradora\t\t\t\t\t<\/div>\n\t\t\t\t\t\t\t\t\t\t\n\t\t\t\t\t\n\t\t\t\t<\/div>\n\t\t\t<\/div>\n\t\t<\/div>\n\t\t\n\t<\/div>\n\t\n        \n    \n<\/div>\n\n<div class=\"tag-a536c2085525ae318c754ea6097c2530 shortcode shortcode-column col-md-3            \">\n     \n            \n                        \n                \n\t<div class=\"shortcode shortcode-headings           tag-9e4b03f7883faeb05078d694d60df1c0\">\n\t\t\n\t\t\t\t<div class=\"simple-team-member align-center tag-ff6b2ad67cbd920bd32086d417621c68\">\n\t\t\t\t\t\t<div class=\"member-image\">\n\t\t\t\t<img loading=\"lazy\" decoding=\"async\" class=\"rounded-circle\" src=\"\/\/jbcontadoresyabogados.com\/wp-content\/uploads\/2025\/01\/172622_user_female_icon-550x550.png\" alt=\"\" width=\"550\"\n\t\t\t\t    height=\"550\">\n\t\t\t<\/div>\n\t\t\t\t\t\t<div class=\"member-info-holder\">\n\t\t\t\t<div class=\"member-info\">\n\t\t\t\t\t\t\t\t\t\t<h5 class=\"member-name\">\n\t\t\t\t\t\tC.P. Ma. Isabel Gonz\u00e1lez P\u00e9rez \t\t\t\t\t<\/h5>\n\t\t\t\t\t\t\t\t\t\t\t\t\t\t\t<div class=\"member-role\">\n\t\t\t\t\t\tColaboradora\t\t\t\t\t<\/div>\n\t\t\t\t\t\t\t\t\t\t\n\t\t\t\t\t\n\t\t\t\t<\/div>\n\t\t\t<\/div>\n\t\t<\/div>\n\t\t\n\t<\/div>\n\t\n        \n    \n<\/div>\n\n<div class=\"tag-f597f2a2e8db2f09145fab16379c8253 shortcode shortcode-column col-md-3            \">\n     \n            \n                        \n                \n\t<div class=\"shortcode shortcode-headings           tag-387580fe76d17f58a79e9b3d18ce43d2\">\n\t\t\n\t\t\t\t<div class=\"simple-team-member align-center tag-29fb6b94c6d89e60a8ddb39bb8b443c8\">\n\t\t\t\t\t\t<div class=\"member-image\">\n\t\t\t\t<img loading=\"lazy\" decoding=\"async\" class=\"rounded-circle\" src=\"\/\/jbcontadoresyabogados.com\/wp-content\/uploads\/2025\/01\/172622_user_female_icon-550x550.png\" alt=\"\" width=\"550\"\n\t\t\t\t    height=\"550\">\n\t\t\t<\/div>\n\t\t\t\t\t\t<div class=\"member-info-holder\">\n\t\t\t\t<div class=\"member-info\">\n\t\t\t\t\t\t\t\t\t\t<h5 class=\"member-name\">\n\t\t\t\t\t\tC.P. Zorayda Estrada Gonz\u00e1lez\t\t\t\t\t<\/h5>\n\t\t\t\t\t\t\t\t\t\t\t\t\t\t\t<div class=\"member-role\">\n\t\t\t\t\t\tColaboradora\t\t\t\t\t<\/div>\n\t\t\t\t\t\t\t\t\t\t\n\t\t\t\t\t\n\t\t\t\t<\/div>\n\t\t\t<\/div>\n\t\t<\/div>\n\t\t\n\t<\/div>\n\t\n        \n    \n<\/div>\n\n\n\n<div class=\"tag-6d6c2a82856f05593763ac124a79a63f shortcode shortcode-column col-md-3            \">\n     \n            \n                        \n                \n\t<div class=\"shortcode shortcode-headings           tag-8f8211699cec09cb24952005cc84e170\">\n\t\t\n\t\t\t\t<div class=\"simple-team-member align-center tag-cb75c1bb911943be8fb701c0967acbd4\">\n\t\t\t\t\t\t<div class=\"member-image\">\n\t\t\t\t<img loading=\"lazy\" decoding=\"async\" class=\"rounded-circle\" src=\"\/\/jbcontadoresyabogados.com\/wp-content\/uploads\/2025\/01\/172622_user_female_icon-550x550.png\" alt=\"\" width=\"550\"\n\t\t\t\t    height=\"550\">\n\t\t\t<\/div>\n\t\t\t\t\t\t<div class=\"member-info-holder\">\n\t\t\t\t<div class=\"member-info\">\n\t\t\t\t\t\t\t\t\t\t<h5 class=\"member-name\">\n\t\t\t\t\t\tL. C. Karina Arizmendi Marino\t\t\t\t\t<\/h5>\n\t\t\t\t\t\t\t\t\t\t\t\t\t\t\t<div class=\"member-role\">\n\t\t\t\t\t\tColaboradora\t\t\t\t\t<\/div>\n\t\t\t\t\t\t\t\t\t\t\n\t\t\t\t\t\n\t\t\t\t<\/div>\n\t\t\t<\/div>\n\t\t<\/div>\n\t\t\n\t<\/div>\n\t\n        \n    \n<\/div>\n\n<div class=\"tag-a5087a465bc35101aa3ea3a7a5c17a46 shortcode shortcode-column col-md-3            \">\n     \n            \n                        \n                \n\t<div class=\"shortcode shortcode-headings           tag-0757bf6f5f8fb9f5fd2319cc985882a4\">\n\t\t\n\t\t\t\t<div class=\"simple-team-member align-center tag-9dab94f215a60c2fceb44b4d3bb1d9ad\">\n\t\t\t\t\t\t<div class=\"member-image\">\n\t\t\t\t<img loading=\"lazy\" decoding=\"async\" class=\"rounded-circle\" src=\"\/\/jbcontadoresyabogados.com\/wp-content\/uploads\/2025\/01\/172622_user_female_icon-550x550.png\" alt=\"\" width=\"550\"\n\t\t\t\t    height=\"550\">\n\t\t\t<\/div>\n\t\t\t\t\t\t<div class=\"member-info-holder\">\n\t\t\t\t<div class=\"member-info\">\n\t\t\t\t\t\t\t\t\t\t<h5 class=\"member-name\">\n\t\t\t\t\t\tC.P. Galia Paola Garc\u00eda Pe\u00f1aloza\t\t\t\t\t<\/h5>\n\t\t\t\t\t\t\t\t\t\t\t\t\t\t\t<div class=\"member-role\">\n\t\t\t\t\t\tColaboradora\t\t\t\t\t<\/div>\n\t\t\t\t\t\t\t\t\t\t\n\t\t\t\t\t\n\t\t\t\t<\/div>\n\t\t\t<\/div>\n\t\t<\/div>\n\t\t\n\t<\/div>\n\t\n        \n    \n<\/div>\n\n<div class=\"tag-4d9b6d072d59edcf2aad3b7a9df7bb60 shortcode shortcode-column col-md-3            \">\n     \n            \n                        \n                \n\t<div class=\"shortcode shortcode-headings           tag-590fdca420dc1336c0cd36d4d4f90977\">\n\t\t\n\t\t\t\t<div class=\"simple-team-member align-center tag-450b1f10cf79cb1181fa4ae896886aa8\">\n\t\t\t\t\t\t<div class=\"member-image\">\n\t\t\t\t<img loading=\"lazy\" decoding=\"async\" class=\"rounded-circle\" src=\"\/\/jbcontadoresyabogados.com\/wp-content\/uploads\/2025\/01\/172622_user_female_icon-550x550.png\" alt=\"\" width=\"550\"\n\t\t\t\t    height=\"550\">\n\t\t\t<\/div>\n\t\t\t\t\t\t<div class=\"member-info-holder\">\n\t\t\t\t<div class=\"member-info\">\n\t\t\t\t\t\t\t\t\t\t<h5 class=\"member-name\">\n\t\t\t\t\t\tEst. Andrea Delgado Romero\t\t\t\t\t<\/h5>\n\t\t\t\t\t\t\t\t\t\t\t\t\t\t\t<div class=\"member-role\">\n\t\t\t\t\t\tColaboradora\t\t\t\t\t<\/div>\n\t\t\t\t\t\t\t\t\t\t\n\t\t\t\t\t\n\t\t\t\t<\/div>\n\t\t\t<\/div>\n\t\t<\/div>\n\t\t\n\t<\/div>\n\t\n        \n    \n<\/div>\n\n<div class=\"tag-f9d1afd4e49dd3aa5963bd722db1c95a shortcode shortcode-column col-md-3            \">\n     \n            \n                        \n                \n\t<div class=\"shortcode shortcode-headings           tag-a547aa51b99e58f20ee17f6f8775119f\">\n\t\t\n\t\t\t\t<div class=\"simple-team-member align-center tag-b38faf086e499335d2ad26ab8f025e27\">\n\t\t\t\t\t\t<div class=\"member-image\">\n\t\t\t\t<img loading=\"lazy\" decoding=\"async\" class=\"rounded-circle\" src=\"\/\/jbcontadoresyabogados.com\/wp-content\/uploads\/2025\/01\/172622_user_female_icon-550x550.png\" alt=\"\" width=\"550\"\n\t\t\t\t    height=\"550\">\n\t\t\t<\/div>\n\t\t\t\t\t\t<div class=\"member-info-holder\">\n\t\t\t\t<div class=\"member-info\">\n\t\t\t\t\t\t\t\t\t\t<h5 class=\"member-name\">\n\t\t\t\t\t\tT.C.P Karla Lizbeth Romero Ram\u00edrez\t\t\t\t\t<\/h5>\n\t\t\t\t\t\t\t\t\t\t\t\t\t\t\t<div class=\"member-role\">\n\t\t\t\t\t\tColaboradora\t\t\t\t\t<\/div>\n\t\t\t\t\t\t\t\t\t\t\n\t\t\t\t\t\n\t\t\t\t<\/div>\n\t\t\t<\/div>\n\t\t<\/div>\n\t\t\n\t<\/div>\n\t\n        \n    \n<\/div>\n\n\n\n<div class=\"tag-c1e39768f4b34c74990beb8439290324 shortcode shortcode-column col-md-3            \">\n     \n            \n                        \n                \n\t<div class=\"shortcode shortcode-headings           tag-e2e4c7f851406dcf99ca19d0cb1f3cfb\">\n\t\t\n\t\t\t\t<div class=\"simple-team-member align-center tag-c13d5fc5c751f05f1f40070a470a5eed\">\n\t\t\t\t\t\t<div class=\"member-image\">\n\t\t\t\t<img loading=\"lazy\" decoding=\"async\" class=\"rounded-circle\" src=\"\/\/jbcontadoresyabogados.com\/wp-content\/uploads\/2025\/01\/172626_user_male_icon-550x550.png\" alt=\"\" width=\"550\"\n\t\t\t\t    height=\"550\">\n\t\t\t<\/div>\n\t\t\t\t\t\t<div class=\"member-info-holder\">\n\t\t\t\t<div class=\"member-info\">\n\t\t\t\t\t\t\t\t\t\t<h5 class=\"member-name\">\n\t\t\t\t\t\tL.C. Mart\u00edn Leyva Abarca\t\t\t\t\t<\/h5>\n\t\t\t\t\t\t\t\t\t\t\t\t\t\t\t<div class=\"member-role\">\n\t\t\t\t\t\tColaborador\t\t\t\t\t<\/div>\n\t\t\t\t\t\t\t\t\t\t\n\t\t\t\t\t\n\t\t\t\t<\/div>\n\t\t\t<\/div>\n\t\t<\/div>\n\t\t\n\t<\/div>\n\t\n        \n    \n<\/div>\n\n\n\n<div class=\"tag-b3c6d1f59816b373c66aaa696c099386 shortcode shortcode-column col-md-12            \">\n     \n            \n                        \n                \n\n        \n    \n<\/div>\n\n\n\n\t\t<\/div>\n\t<\/div>\n\t\n<\/div>\n\n<\/p>\n","protected":false},"excerpt":{"rendered":"<p>Directorio de J&amp;B CyA Presentamos a nuestro equipo de trabajo, en J&amp;B Contadores y Abogados trabajamos con pasi\u00f3n y profesionalismo para ofrecer un servicio eficaz. Mtro. Iv\u00e1n Delgado Peralta DIRECTOR GENERAL L.C. Taiz Monserrat Bautista Gonz\u00e1lez Colaboradora C.P. Ma. Isabel Gonz\u00e1lez P\u00e9rez Colaboradora C.P. Zorayda Estrada Gonz\u00e1lez Colaboradora L. C. Karina Arizmendi Marino Colaboradora C.P. [&hellip;]<\/p>\n","protected":false},"author":1,"featured_media":0,"parent":0,"menu_order":0,"comment_status":"closed","ping_status":"closed","template":"visual-builder-template.php","meta":{"footnotes":""},"class_list":["post-143","page","type-page","status-publish","hentry"],"_links":{"self":[{"href":"https:\/\/jbcontadoresyabogados.com\/index.php?rest_route=\/wp\/v2\/pages\/143","targetHints":{"allow":["GET"]}}],"collection":[{"href":"https:\/\/jbcontadoresyabogados.com\/index.php?rest_route=\/wp\/v2\/pages"}],"about":[{"href":"https:\/\/jbcontadoresyabogados.com\/index.php?rest_route=\/wp\/v2\/types\/page"}],"author":[{"embeddable":true,"href":"https:\/\/jbcontadoresyabogados.com\/index.php?rest_route=\/wp\/v2\/users\/1"}],"replies":[{"embeddable":true,"href":"https:\/\/jbcontadoresyabogados.com\/index.php?rest_route=%2Fwp%2Fv2%2Fcomments&post=143"}],"version-history":[{"count":21,"href":"https:\/\/jbcontadoresyabogados.com\/index.php?rest_route=\/wp\/v2\/pages\/143\/revisions"}],"predecessor-version":[{"id":620,"href":"https:\/\/jbcontadoresyabogados.com\/index.php?rest_route=\/wp\/v2\/pages\/143\/revisions\/620"}],"wp:attachment":[{"href":"https:\/\/jbcontadoresyabogados.com\/index.php?rest_route=%2Fwp%2Fv2%2Fmedia&parent=143"}],"curies":[{"name":"wp","href":"https:\/\/api.w.org\/{rel}","templated":true}]}}