{"id":162,"date":"2021-06-15T01:00:14","date_gmt":"2021-06-15T06:00:14","guid":{"rendered":"https:\/\/jbcontadoresyabogados.com\/directorio-2\/"},"modified":"2025-01-13T23:10:34","modified_gmt":"2025-01-14T05:10:34","slug":"servicios","status":"publish","type":"page","link":"https:\/\/jbcontadoresyabogados.com\/?page_id=162","title":{"rendered":"Servicios"},"content":{"rendered":"<p>\n\n<div  id=\"section-69d65d95c3654\" class=\"tag-5ff6a5548e5bfe68d4637e1578ba711d shortcode shortcode-section etdukandari_etcodes_section          \"  >\n\t\n\t\t\t<div class=\"container-fluid\">\n\t\t<div class=\"row \">\n\t\t\t<div class=\"tag-fa3d8d8f27ee0e12edf2550a18222814 shortcode shortcode-column col-md-12            \">\n     \n            \n                        \n                \n<div  data-aos= flip-down    data-aos-once= 1  >\n\t<div class=\"shortcode shortcode-headings  tag-e2a0209a2b4e005f41147f2fce89ad1b          align-left\">\n\t\n\t\n\t\t\t<h2 class=\"tag-ceb385029122b7731df99723c893f778 no\">Nuestros Servicios<\/h2>\n\t\n\t\t\t<div class=\"separator tag-eac8c1fbc388fe5f92c09df38bd37ae4\"><\/div>\n\t\n\t<\/div> \n<\/div>\n\n        \n    \n<\/div>\n\n\n\n\t\t<\/div>\n\t<\/div>\n\t\n<\/div>\n\n\n\n<div  id=\"section-69d65d95c43f7\" class=\"tag-66793845969bcf67bc94b821cdcad82e shortcode shortcode-section etdukandari_etcodes_section          \"  >\n\t\n\t\t\t<div class=\"container-fluid\">\n\t\t<div class=\"row \">\n\t\t\t<div class=\"tag-416e70b0e16ac1cb0eaa49199f98c06a shortcode shortcode-column col-md-6            \">\n     \n            \n                        \n                <img loading=\"lazy\" decoding=\"async\" src=\"https:\/\/jbcontadoresyabogados.com\/wp-content\/uploads\/2021\/06\/top-sector-privado-500x150.png\" alt=\"https:\/\/jbcontadoresyabogados.com\/wp-content\/uploads\/2021\/06\/top-sector-privado-500x150.png\" width=\"500\" height=\"150\" \/>\t<div class=\"shortcode shortcode-accordions             tag-b896752e1b18cba0e46f079bf8b5415d\">\n\t\t\n\t\t<div id=\"accordion-etcodes-accordion-69d65d95ca64e\" class=\"accordion\" role=\"tablist\" aria-multiselectable=\"true\">\t\t\t\t\n\t\t\t\n\t\t\t\t<div class=\"card\">\n\t\t\t\t\t<div class=\"card-header\" role=\"tab\" id=\"label-etcodes-accordion-69d65d95ca64e\">\n\t\t\t\t\t\t<h5 class=\"mb-0\">\n\t\t\t\t\t\t\t<a class=\"collapsed\" data-toggle=\"collapse\" data-parent=\"#accordion-etcodes-accordion-69d65d95ca64e\" href=\"#etcodes-accordion-69d65d95ca64e-1\" aria-expanded=\"true\" aria-controls=\"etcodes-accordion-69d65d95ca64e-1\">\n\t\t\t\t\t\t\t\tServicios Profesionales\t\t\t\t\t\t\t<\/a>\n\t\t\t\t\t\t<\/h5>\n\t\t\t\t\t<\/div>\n\t\t\t\t\t<div id=\"etcodes-accordion-69d65d95ca64e-1\" class=\"collapse\" role=\"tabpanel\" aria-labelledby=\"label-etcodes-accordion-69d65d95ca64e\">\n\t\t\t\t\t\t<div class=\"card-block\">\n\t\t\t\t\t\t\t\t\t\t\t\t\t\t\t<ol><li><span style=\"color: #000000\"><strong>Contabilidad<\/strong>: Elaboraci\u00f3n de estados financieros, registros contables, c\u00e1lculo y determinaci\u00f3n de impuestos, asesor\u00eda y revisi\u00f3n contables.<\/span><\/li><li><span style=\"color: #000000\"><strong>Auditor\u00edas<\/strong>: Auditor\u00edas financieras, fiscales, internas y externas, adem\u00e1s de cumplimiento normativo (PLD).<\/span><\/li><li><span style=\"color: #000000\"><strong>Consultor\u00eda empresarial<\/strong>: Planeaci\u00f3n estrat\u00e9gica, optimizaci\u00f3n de procesos administrativos y operativos, y consultor\u00edas en materia fiscal, financiera y administrativa.<\/span><\/li><li><span style=\"color: #000000\"><strong>Asesor\u00eda Jur\u00eddica<\/strong>: Representaci\u00f3n legal en derecho civil, mercantil, laboral, penal y fiscal, as\u00ed como gesti\u00f3n de litigios.<\/span><\/li><li><span style=\"color: #000000\"><strong>Cumplimiento Normativo<\/strong>: Implementaci\u00f3n de programas de prevenci\u00f3n de lavado de dinero, capacitaci\u00f3n en \u00e9tica empresarial y auditor\u00edas de cumplimiento normativo.<\/span><\/li><\/ol>\t\t\t\t\t\t\t\t\t\t\t\t\t<\/div>\n\t\t\t\t\t<\/div>\n\t\t\t\t<\/div>\n\n\t\t\t\n\t\t\t\t<div class=\"card\">\n\t\t\t\t\t<div class=\"card-header\" role=\"tab\" id=\"label-etcodes-accordion-69d65d95ca64e\">\n\t\t\t\t\t\t<h5 class=\"mb-0\">\n\t\t\t\t\t\t\t<a class=\"collapsed\" data-toggle=\"collapse\" data-parent=\"#accordion-etcodes-accordion-69d65d95ca64e\" href=\"#etcodes-accordion-69d65d95ca64e-2\" aria-expanded=\"true\" aria-controls=\"etcodes-accordion-69d65d95ca64e-2\">\n\t\t\t\t\t\t\t\tServicios Financieros\t\t\t\t\t\t\t<\/a>\n\t\t\t\t\t\t<\/h5>\n\t\t\t\t\t<\/div>\n\t\t\t\t\t<div id=\"etcodes-accordion-69d65d95ca64e-2\" class=\"collapse\" role=\"tabpanel\" aria-labelledby=\"label-etcodes-accordion-69d65d95ca64e\">\n\t\t\t\t\t\t<div class=\"card-block\">\n\t\t\t\t\t\t\t\t\t\t\t\t\t\t\t<ol><li><span style=\"color: #000000\"><strong>Pr\u00e9stamos y cr\u00e9ditos:<\/strong> Gesti\u00f3n de pr\u00e9stamos personales y empresariales, y esquemas de financiamiento colectivo.<\/span><\/li><li><span style=\"color: #000000\"><strong>Consultor\u00eda financiera:<\/strong> Diagn\u00f3sticos financieros, proyecciones, gesti\u00f3n de portafolios de inversi\u00f3n y cumplimiento financiero.<\/span><\/li><li><span style=\"color: #000000\"><strong>Gesti\u00f3n de remesas:<\/strong> Recepci\u00f3n, dispersi\u00f3n e inversi\u00f3n de remesas en bienes ra\u00edces o negocios.<\/span><\/li><li><span style=\"color: #000000\"><strong>Microfinanzas:<\/strong> Esquemas de financiamiento para peque\u00f1os negocios y cr\u00e9ditos a corto plazo con enfoque social.<\/span><\/li><\/ol>\t\t\t\t\t\t\t\t\t\t\t\t\t<\/div>\n\t\t\t\t\t<\/div>\n\t\t\t\t<\/div>\n\n\t\t\t\n\t\t\t\t<div class=\"card\">\n\t\t\t\t\t<div class=\"card-header\" role=\"tab\" id=\"label-etcodes-accordion-69d65d95ca64e\">\n\t\t\t\t\t\t<h5 class=\"mb-0\">\n\t\t\t\t\t\t\t<a class=\"collapsed\" data-toggle=\"collapse\" data-parent=\"#accordion-etcodes-accordion-69d65d95ca64e\" href=\"#etcodes-accordion-69d65d95ca64e-3\" aria-expanded=\"true\" aria-controls=\"etcodes-accordion-69d65d95ca64e-3\">\n\t\t\t\t\t\t\t\tServicios Integrales De Consultor\u00eda Y Asesor\u00eda Empresarial, Inversiones Y Desarrollo De Proyectos.\t\t\t\t\t\t\t<\/a>\n\t\t\t\t\t\t<\/h5>\n\t\t\t\t\t<\/div>\n\t\t\t\t\t<div id=\"etcodes-accordion-69d65d95ca64e-3\" class=\"collapse\" role=\"tabpanel\" aria-labelledby=\"label-etcodes-accordion-69d65d95ca64e\">\n\t\t\t\t\t\t<div class=\"card-block\">\n\t\t\t\t\t\t\t\t\t\t\t\t\t\t\t<ol><li><span style=\"color: #000000\"><strong>Asesoramiento en la selecci\u00f3n y an\u00e1lisis de plataformas de inversi\u00f3n<\/strong>, Servicios de gesti\u00f3n de portafolios de inversi\u00f3n en plataformas digitales, Capacitaci\u00f3n y educaci\u00f3n sobre estrategias de inversi\u00f3n en l\u00ednea, Consultor\u00eda para el cumplimiento normativo en actividades de inversi\u00f3n digital, que est\u00e9n y que estas actividades cumplan con las regulaciones locales y nacionales.<\/span><\/li><li><span style=\"color: #000000\"><strong>Dise\u00f1o e implementaci\u00f3n de estrategias de inversi\u00f3n personalizada:<\/strong> Creaci\u00f3n de planes de inversi\u00f3n adaptados a las metas y perfil de riesgo de los clientes.<\/span><\/li><li><span style=\"color: #000000\"><strong>Monitoreo y an\u00e1lisis de mercados financieros:<\/strong> Seguimiento en tiempo real de tendencias y oportunidades en plataformas de inversi\u00f3n.<\/span><\/li><li><span style=\"color: #000000\"><strong>Desarrollo de herramientas tecnol\u00f3gicas para la inversi\u00f3n digital:<\/strong> Creaci\u00f3n y mantenimiento de software, aplicaciones y sistemas para optimizar la gesti\u00f3n de inversiones.<\/span><\/li><li><span style=\"color: #000000\"><strong>Auditor\u00edas de portafolios de inversi\u00f3n:<\/strong> Evaluaci\u00f3n detallada del rendimiento y cumplimiento normativo de inversiones.<\/span><\/li><li><span style=\"color: #000000\"><strong>Consultor\u00eda en transformaci\u00f3n digital para empresas financieras:<\/strong> Implementaci\u00f3n de soluciones digitales para modernizar procesos de gesti\u00f3n de inversiones.<\/span><\/li><li><span style=\"color: #000000\"><strong>Soporte t\u00e9cnico especializado para plataformas de inversi\u00f3n:<\/strong> Asistencia en la configuraci\u00f3n, operaci\u00f3n y resoluci\u00f3n de problemas t\u00e9cnicos en plataformas digitales.<\/span><\/li><li><span style=\"color: #000000\"><strong>Gesti\u00f3n de riesgos financieros:<\/strong> Identificaci\u00f3n y mitigaci\u00f3n de riesgos en estrategias de inversi\u00f3n y operaciones digitales.<\/span><\/li><li><span style=\"color: #000000\"><strong>Consultor\u00eda en finanzas sostenibles:<\/strong> Desarrollo de portafolios de inversi\u00f3n con enfoque en criterios ESG (ambientales, sociales y de gobernanza).<\/span><\/li><li><span style=\"color: #000000\"><strong>Intermediaci\u00f3n y asesoramiento en financiamiento colectivo:<\/strong> Apoyo en la estructuraci\u00f3n y operaci\u00f3n de esquemas de micro financiaci\u00f3n y peer-to-peer.<\/span><\/li><li><span style=\"color: #000000\"><strong>Capacitaci\u00f3n en ciberseguridad para plataformas de inversi\u00f3n:<\/strong> Formaci\u00f3n para prevenir riesgos de fraude y proteger la informaci\u00f3n financiera.<\/span><\/li><li><span style=\"color: #000000\"><strong>Asesor\u00eda en obtenci\u00f3n de certificaciones internacionales en inversi\u00f3n:<\/strong> Orientaci\u00f3n para cumplir requisitos de est\u00e1ndares globales en finanzas digitales.<\/span><\/li><\/ol>\t\t\t\t\t\t\t\t\t\t\t\t\t<\/div>\n\t\t\t\t\t<\/div>\n\t\t\t\t<\/div>\n\n\t\t\t\t\t<\/div>\n\n\t<\/div>\n\n\n        \n    \n<\/div>\n\n<div class=\"tag-0fa0fee062db1196aa3993149bb8d9e0 shortcode shortcode-column col-md-6            \">\n     \n            \n                        \n                <img loading=\"lazy\" decoding=\"async\" src=\"https:\/\/jbcontadoresyabogados.com\/wp-content\/uploads\/2021\/06\/top-sector-publico-500x150.png\" alt=\"https:\/\/jbcontadoresyabogados.com\/wp-content\/uploads\/2021\/06\/top-sector-publico-500x150.png\" width=\"500\" height=\"150\" \/>\t<div class=\"shortcode shortcode-accordions             tag-8e11a606d90177ff98bccbb2633b6ebc\">\n\t\t\n\t\t<div id=\"accordion-etcodes-accordion-69d65d95cb9c8\" class=\"accordion\" role=\"tablist\" aria-multiselectable=\"true\">\t\t\t\t\n\t\t\t\n\t\t\t\t<div class=\"card\">\n\t\t\t\t\t<div class=\"card-header\" role=\"tab\" id=\"label-etcodes-accordion-69d65d95cb9c8\">\n\t\t\t\t\t\t<h5 class=\"mb-0\">\n\t\t\t\t\t\t\t<a class=\"collapsed\" data-toggle=\"collapse\" data-parent=\"#accordion-etcodes-accordion-69d65d95cb9c8\" href=\"#etcodes-accordion-69d65d95cb9c8-1\" aria-expanded=\"true\" aria-controls=\"etcodes-accordion-69d65d95cb9c8-1\">\n\t\t\t\t\t\t\t\tAsesor\u00eda Fiscal Y Financiera\t\t\t\t\t\t\t<\/a>\n\t\t\t\t\t\t<\/h5>\n\t\t\t\t\t<\/div>\n\t\t\t\t\t<div id=\"etcodes-accordion-69d65d95cb9c8-1\" class=\"collapse\" role=\"tabpanel\" aria-labelledby=\"label-etcodes-accordion-69d65d95cb9c8\">\n\t\t\t\t\t\t<div class=\"card-block\">\n\t\t\t\t\t\t\t\t\t\t\t\t\t\t\t<p><span style=\"color: #000000\"><strong>Proyectos de Leyes de Ingresos:<\/strong><\/span><\/p><ul><li><span style=\"color: #000000\">Asesor\u00eda en el Proyecto de Ley de Ingresos Municipal.<\/span><\/li><li><span style=\"color: #000000\">Asesor\u00eda en el Proyecto de Ley de Ingresos Estatal.<\/span><\/li><\/ul><ol start=\"2\"><li><span style=\"color: #000000\"><strong>Reformas y cobros:<\/strong><\/span><\/li><\/ol><ul><li><span style=\"color: #000000\">Asesor\u00eda en los Proyectos de Reforma Fiscal municipal y estatal.<\/span><\/li><li><span style=\"color: #000000\">Asesor\u00eda en la Determinaci\u00f3n de cobros de acuerdo a la Ley de Ingresos Municipal (Predial, Agua potable, Pante\u00f3n, Licencias comerciales, etc.).<\/span><\/li><\/ul><ol start=\"3\"><li><span style=\"color: #000000\"><strong>Declaraciones y devoluciones:<\/strong><\/span><\/li><\/ol><ul><li><span style=\"color: #000000\">Declaraci\u00f3n mensual de ISR retenido a los trabajadores, v\u00eda transferencia electr\u00f3nica y su devoluci\u00f3n de conformidad con la Ley de Coordinaci\u00f3n Fiscal Federal.<\/span><\/li><li><span style=\"color: #000000\">Devoluci\u00f3n del 2% sobre n\u00f3minas.<\/span><\/li><li><span style=\"color: #000000\">Declaraci\u00f3n anual del remanente distribuible, en su caso.<\/span><\/li><\/ul><ol start=\"4\"><li><span style=\"color: #000000\"><strong>Gesti\u00f3n y coordinaci\u00f3n fiscal:<\/strong><\/span><\/li><\/ol><p><span style=\"color: #000000\">Gesti\u00f3n de incorporaci\u00f3n del convenio de coordinaci\u00f3n fiscal entre el Estado de Guerrero y sus Municipios.<\/span><\/p>\t\t\t\t\t\t\t\t\t\t\t\t\t<\/div>\n\t\t\t\t\t<\/div>\n\t\t\t\t<\/div>\n\n\t\t\t\n\t\t\t\t<div class=\"card\">\n\t\t\t\t\t<div class=\"card-header\" role=\"tab\" id=\"label-etcodes-accordion-69d65d95cb9c8\">\n\t\t\t\t\t\t<h5 class=\"mb-0\">\n\t\t\t\t\t\t\t<a class=\"collapsed\" data-toggle=\"collapse\" data-parent=\"#accordion-etcodes-accordion-69d65d95cb9c8\" href=\"#etcodes-accordion-69d65d95cb9c8-2\" aria-expanded=\"true\" aria-controls=\"etcodes-accordion-69d65d95cb9c8-2\">\n\t\t\t\t\t\t\t\tAuditor\u00eda y Cumplimiento\t\t\t\t\t\t\t<\/a>\n\t\t\t\t\t\t<\/h5>\n\t\t\t\t\t<\/div>\n\t\t\t\t\t<div id=\"etcodes-accordion-69d65d95cb9c8-2\" class=\"collapse\" role=\"tabpanel\" aria-labelledby=\"label-etcodes-accordion-69d65d95cb9c8\">\n\t\t\t\t\t\t<div class=\"card-block\">\n\t\t\t\t\t\t\t\t\t\t\t\t\t\t\t<p><strong><span style=\"color: #000000\">Cuentas p\u00fablicas y solventaciones:<\/span><\/strong><\/p><ul><li><span style=\"color: #000000\">Entrega oportuna de su cuenta p\u00fablica.<\/span><\/li><li><span style=\"color: #000000\">Solventaciones de observaciones ante la Auditor\u00eda General del Estado.<\/span><\/li><li><span style=\"color: #000000\">Solventaciones ante la Contralor\u00eda General del Estado.<\/span><\/li><\/ul><ol start=\"2\"><li><strong><span style=\"color: #000000\">Obligaciones para ser proveedor:<\/span><\/strong><\/li><\/ol><ul><li><span style=\"color: #000000\">Obligaciones para poder ser proveedor del gobierno.<\/span><\/li><\/ul><p>&nbsp;<\/p>\t\t\t\t\t\t\t\t\t\t\t\t\t<\/div>\n\t\t\t\t\t<\/div>\n\t\t\t\t<\/div>\n\n\t\t\t\n\t\t\t\t<div class=\"card\">\n\t\t\t\t\t<div class=\"card-header\" role=\"tab\" id=\"label-etcodes-accordion-69d65d95cb9c8\">\n\t\t\t\t\t\t<h5 class=\"mb-0\">\n\t\t\t\t\t\t\t<a class=\"collapsed\" data-toggle=\"collapse\" data-parent=\"#accordion-etcodes-accordion-69d65d95cb9c8\" href=\"#etcodes-accordion-69d65d95cb9c8-3\" aria-expanded=\"true\" aria-controls=\"etcodes-accordion-69d65d95cb9c8-3\">\n\t\t\t\t\t\t\t\tPlaneaci\u00f3n y Desarrollo Municipal\t\t\t\t\t\t\t<\/a>\n\t\t\t\t\t\t<\/h5>\n\t\t\t\t\t<\/div>\n\t\t\t\t\t<div id=\"etcodes-accordion-69d65d95cb9c8-3\" class=\"collapse\" role=\"tabpanel\" aria-labelledby=\"label-etcodes-accordion-69d65d95cb9c8\">\n\t\t\t\t\t\t<div class=\"card-block\">\n\t\t\t\t\t\t\t\t\t\t\t\t\t\t\t<ol><li><span style=\"color: #000000\"><strong>Planeaci\u00f3n estrat\u00e9gica:<\/strong><\/span><\/li><\/ol><ul><li><span style=\"color: #000000\">Propuesta del Plan de Desarrollo Municipal.<\/span><\/li><\/ul><ol start=\"2\"><li><span style=\"color: #000000\"><strong>Presupuestos y an\u00e1lisis financiero:<\/strong><\/span><\/li><\/ol><ul><li><span style=\"color: #000000\">Elaboraci\u00f3n y presentaci\u00f3n de Situaci\u00f3n Financiera, Program\u00e1tica y Presupuestal.<\/span><\/li><li><span style=\"color: #000000\">Aplicaci\u00f3n de los porcentajes de deducci\u00f3n de inversiones, en su caso.<\/span><\/li><li><span style=\"color: #000000\">Elaboraci\u00f3n del presupuesto de seguridad p\u00fablica, para efectos de aprobaci\u00f3n al consejo de seguridad p\u00fablica estatal.<\/span><\/li><\/ul>\t\t\t\t\t\t\t\t\t\t\t\t\t<\/div>\n\t\t\t\t\t<\/div>\n\t\t\t\t<\/div>\n\n\t\t\t\n\t\t\t\t<div class=\"card\">\n\t\t\t\t\t<div class=\"card-header\" role=\"tab\" id=\"label-etcodes-accordion-69d65d95cb9c8\">\n\t\t\t\t\t\t<h5 class=\"mb-0\">\n\t\t\t\t\t\t\t<a class=\"collapsed\" data-toggle=\"collapse\" data-parent=\"#accordion-etcodes-accordion-69d65d95cb9c8\" href=\"#etcodes-accordion-69d65d95cb9c8-4\" aria-expanded=\"true\" aria-controls=\"etcodes-accordion-69d65d95cb9c8-4\">\n\t\t\t\t\t\t\t\tInfraestructura y Obras P\u00fablicas\t\t\t\t\t\t\t<\/a>\n\t\t\t\t\t\t<\/h5>\n\t\t\t\t\t<\/div>\n\t\t\t\t\t<div id=\"etcodes-accordion-69d65d95cb9c8-4\" class=\"collapse\" role=\"tabpanel\" aria-labelledby=\"label-etcodes-accordion-69d65d95cb9c8\">\n\t\t\t\t\t\t<div class=\"card-block\">\n\t\t\t\t\t\t\t\t\t\t\t\t\t\t\t<p><span style=\"color: #000000\"><strong>Proyectos y expedientes t\u00e9cnicos:<\/strong><\/span><\/p><ul><li><span style=\"color: #000000\">Elaboraci\u00f3n de expedientes t\u00e9cnicos de infraestructura carretera, como construcci\u00f3n de caminos, carreteras, bulevares, puentes vehiculares, puentes vados, puentes peatonales.<\/span><\/li><li><span style=\"color: #000000\">Elaboraci\u00f3n de proyectos de puentes vehiculares, puentes peatonales, puentes vados, carreteras y bulevares.<\/span><\/li><\/ul><ol start=\"2\"><li><span style=\"color: #000000\"><strong>Supervisi\u00f3n y control de obras:<\/strong><\/span><\/li><\/ol><ul><li><span style=\"color: #000000\">Supervisi\u00f3n y control de obras civiles.<\/span><\/li><li><span style=\"color: #000000\">Trabajos como residente de obras civiles.<\/span><\/li><li><span style=\"color: #000000\">Comprobaci\u00f3n f\u00edsico-financiera de obras civiles ante la Secretar\u00eda de Finanzas, Secretar\u00eda de Desarrollo Social y\/o COPLADEG.<\/span><\/li><\/ul>\t\t\t\t\t\t\t\t\t\t\t\t\t<\/div>\n\t\t\t\t\t<\/div>\n\t\t\t\t<\/div>\n\n\t\t\t\t\t<\/div>\n\n\t<\/div>\n\n\n        \n    \n<\/div>\n\n\n\n\t\t<\/div>\n\t<\/div>\n\t\n<\/div>\n\n<\/p>\n","protected":false},"excerpt":{"rendered":"<p>Nuestros Servicios Servicios Profesionales Contabilidad: Elaboraci\u00f3n de estados financieros, registros contables, c\u00e1lculo y determinaci\u00f3n de impuestos, asesor\u00eda y revisi\u00f3n contables.Auditor\u00edas: Auditor\u00edas financieras, fiscales, internas y externas, adem\u00e1s de cumplimiento normativo (PLD).Consultor\u00eda empresarial: Planeaci\u00f3n estrat\u00e9gica, optimizaci\u00f3n de procesos administrativos y operativos, y consultor\u00edas en materia fiscal, financiera y administrativa.Asesor\u00eda Jur\u00eddica: Representaci\u00f3n legal en derecho civil, mercantil, [&hellip;]<\/p>\n","protected":false},"author":1,"featured_media":0,"parent":0,"menu_order":0,"comment_status":"closed","ping_status":"closed","template":"visual-builder-template.php","meta":{"footnotes":""},"class_list":["post-162","page","type-page","status-publish","hentry"],"_links":{"self":[{"href":"https:\/\/jbcontadoresyabogados.com\/index.php?rest_route=\/wp\/v2\/pages\/162","targetHints":{"allow":["GET"]}}],"collection":[{"href":"https:\/\/jbcontadoresyabogados.com\/index.php?rest_route=\/wp\/v2\/pages"}],"about":[{"href":"https:\/\/jbcontadoresyabogados.com\/index.php?rest_route=\/wp\/v2\/types\/page"}],"author":[{"embeddable":true,"href":"https:\/\/jbcontadoresyabogados.com\/index.php?rest_route=\/wp\/v2\/users\/1"}],"replies":[{"embeddable":true,"href":"https:\/\/jbcontadoresyabogados.com\/index.php?rest_route=%2Fwp%2Fv2%2Fcomments&post=162"}],"version-history":[{"count":16,"href":"https:\/\/jbcontadoresyabogados.com\/index.php?rest_route=\/wp\/v2\/pages\/162\/revisions"}],"predecessor-version":[{"id":614,"href":"https:\/\/jbcontadoresyabogados.com\/index.php?rest_route=\/wp\/v2\/pages\/162\/revisions\/614"}],"wp:attachment":[{"href":"https:\/\/jbcontadoresyabogados.com\/index.php?rest_route=%2Fwp%2Fv2%2Fmedia&parent=162"}],"curies":[{"name":"wp","href":"https:\/\/api.w.org\/{rel}","templated":true}]}}